{"id":53,"date":"2022-06-12T06:05:10","date_gmt":"2022-06-12T06:05:10","guid":{"rendered":"https:\/\/papelorios.es\/?page_id=53"},"modified":"2025-12-09T11:34:32","modified_gmt":"2025-12-09T09:34:32","slug":"jubilacion","status":"publish","type":"page","link":"https:\/\/papelorios.es\/index.php\/colectivos\/jubilacion\/","title":{"rendered":"Jubilaci\u00f3n"},"content":{"rendered":"<div data-colibri-id=\"53-c1\" class=\"style-782 style-local-53-c1 position-relative\">\n  <!---->\n  <div data-colibri-component=\"section\" data-colibri-id=\"53-c2\" id=\"custom\" class=\"h-section h-section-global-spacing d-flex align-items-lg-center align-items-md-center align-items-center style-783 style-local-53-c2 position-relative\">\n    <!---->\n    <!---->\n    <div class=\"h-section-grid-container h-section-boxed-container\">\n      <!---->\n      <div data-colibri-id=\"53-c3\" class=\"h-row-container gutters-row-lg-2 gutters-row-md-2 gutters-row-0 gutters-row-v-lg-2 gutters-row-v-md-2 gutters-row-v-2 style-784 style-local-53-c3 position-relative\">\n        <!---->\n        <div class=\"h-row justify-content-lg-center justify-content-md-center justify-content-center align-items-lg-stretch align-items-md-stretch align-items-stretch gutters-col-lg-2 gutters-col-md-2 gutters-col-0 gutters-col-v-lg-2 gutters-col-v-md-2 gutters-col-v-2\">\n          <!---->\n          <div class=\"h-column h-column-container d-flex h-col-lg-auto h-col-md-auto h-col-auto style-785-outer style-local-53-c4-outer\">\n            <div data-colibri-id=\"53-c4\" class=\"d-flex h-flex-basis h-column__inner h-px-lg-2 h-px-md-2 h-px-2 v-inner-lg-2 v-inner-md-2 v-inner-2 style-785 style-local-53-c4 position-relative\">\n              <!---->\n              <!---->\n              <div class=\"w-100 h-y-container h-column__content h-column__v-align flex-basis-100 align-self-lg-start align-self-md-start align-self-start\">\n                <!---->\n                <div data-colibri-id=\"53-c5\" class=\"h-global-transition-all h-heading style-789 style-local-53-c5 position-relative h-element\">\n                  <!---->\n                  <div class=\"h-heading__outer style-789 style-local-53-c5\">\n                    <!---->\n                    <!---->\n                    <h4 class=\"\">Se presenta<\/h4>\n                  <\/div>\n                <\/div>\n                <div data-colibri-id=\"53-c6\" class=\"h-text h-text-component style-787 style-local-53-c6 position-relative h-element\">\n                  <!---->\n                  <!---->\n                  <div class=\"\">\n                    <p>El acuerdo de jubilaci\u00f3n<\/p>\n                  <\/div>\n                <\/div>\n              <\/div>\n            <\/div>\n          <\/div>\n          <div class=\"h-column h-column-container d-flex h-col-lg-auto h-col-md-auto h-col-auto style-786-outer style-local-53-c7-outer\">\n            <div data-colibri-id=\"53-c7\" class=\"d-flex h-flex-basis h-column__inner h-px-lg-2 h-px-md-2 h-px-2 v-inner-lg-2 v-inner-md-2 v-inner-2 style-786 style-local-53-c7 position-relative\">\n              <!---->\n              <!---->\n              <div class=\"w-100 h-y-container h-column__content h-column__v-align flex-basis-100 align-self-lg-start align-self-md-start align-self-start\">\n                <!---->\n                <div data-colibri-id=\"53-c8\" class=\"h-global-transition-all h-heading style-790 style-local-53-c8 position-relative h-element\">\n                  <!---->\n                  <div class=\"h-heading__outer style-790 style-local-53-c8\">\n                    <!---->\n                    <!---->\n                    <h4 class=\"\">Qu\u00e9 se hace con ello<\/h4>\n                  <\/div>\n                <\/div>\n                <div data-colibri-id=\"53-c9\" class=\"h-text h-text-component style-788 style-local-53-c9 position-relative h-element\">\n                  <!---->\n                  <!---->\n                  <div class=\"\">\n                    <p>Se les cambia la situaci\u00f3n administrativa en colectivos<\/p>\n                    <p>Se comprueba que el cuerpo en el que se jubilan es el mismo que tenemos. Si no es vamos a dar la lata al Pollito.<\/p>\n                    <p>Se pone como fecha de alta en la situaci\u00f3n la de la jubilaci\u00f3n<\/p>\n                    <p>Se graba<\/p>\n                    <p>Se escanea y sube el acuerdo de jubilaci\u00f3n<\/p>\n                    <p>Se coloca el papelorio en la carpeta de colectivos<\/p>\n                  <\/div>\n                <\/div>\n              <\/div>\n            <\/div>\n          <\/div>\n        <\/div>\n      <\/div>\n    <\/div>\n  <\/div>\n<\/div>","protected":false},"excerpt":{"rendered":"<p>Se presenta El acuerdo de jubilaci\u00f3n Qu\u00e9 se hace con ello Se les cambia la situaci\u00f3n administrativa en colectivos Se comprueba que el cuerpo en el que se jubilan es el mismo que tenemos. Si no es vamos a dar la lata al Pollito. Se pone como fecha de alta en la situaci\u00f3n la de [&hellip;]<\/p>\n","protected":false},"author":1,"featured_media":0,"parent":5,"menu_order":0,"comment_status":"closed","ping_status":"closed","template":"page-templates\/full-width-page.php","meta":{"footnotes":""},"class_list":["post-53","page","type-page","status-publish","hentry"],"_links":{"self":[{"href":"https:\/\/papelorios.es\/index.php\/wp-json\/wp\/v2\/pages\/53","targetHints":{"allow":["GET"]}}],"collection":[{"href":"https:\/\/papelorios.es\/index.php\/wp-json\/wp\/v2\/pages"}],"about":[{"href":"https:\/\/papelorios.es\/index.php\/wp-json\/wp\/v2\/types\/page"}],"author":[{"embeddable":true,"href":"https:\/\/papelorios.es\/index.php\/wp-json\/wp\/v2\/users\/1"}],"replies":[{"embeddable":true,"href":"https:\/\/papelorios.es\/index.php\/wp-json\/wp\/v2\/comments?post=53"}],"version-history":[{"count":7,"href":"https:\/\/papelorios.es\/index.php\/wp-json\/wp\/v2\/pages\/53\/revisions"}],"predecessor-version":[{"id":4853,"href":"https:\/\/papelorios.es\/index.php\/wp-json\/wp\/v2\/pages\/53\/revisions\/4853"}],"up":[{"embeddable":true,"href":"https:\/\/papelorios.es\/index.php\/wp-json\/wp\/v2\/pages\/5"}],"wp:attachment":[{"href":"https:\/\/papelorios.es\/index.php\/wp-json\/wp\/v2\/media?parent=53"}],"curies":[{"name":"wp","href":"https:\/\/api.w.org\/{rel}","templated":true}]}}