{"id":364,"date":"2022-06-12T10:46:10","date_gmt":"2022-06-12T10:46:10","guid":{"rendered":"https:\/\/papelorios.es\/?page_id=364"},"modified":"2024-07-31T08:19:31","modified_gmt":"2024-07-31T06:19:31","slug":"entrada","status":"publish","type":"page","link":"https:\/\/papelorios.es\/index.php\/antonias\/registro\/entrada\/","title":{"rendered":"Entrada"},"content":{"rendered":"<div data-colibri-id=\"364-c1\" class=\"style-633 style-local-364-c1 position-relative\">\n  <!---->\n  <div data-colibri-component=\"section\" data-colibri-id=\"364-c2\" id=\"custom\" class=\"h-section h-section-global-spacing d-flex align-items-lg-center align-items-md-center align-items-center style-634 style-local-364-c2 position-relative\">\n    <!---->\n    <!---->\n    <div class=\"h-section-grid-container h-section-boxed-container\">\n      <!---->\n      <div data-colibri-id=\"364-c3\" class=\"h-row-container gutters-row-lg-2 gutters-row-md-2 gutters-row-0 gutters-row-v-lg-2 gutters-row-v-md-2 gutters-row-v-2 style-672 style-local-364-c3 position-relative\">\n        <!---->\n        <div class=\"h-row justify-content-lg-center justify-content-md-center justify-content-center align-items-lg-stretch align-items-md-stretch align-items-stretch gutters-col-lg-2 gutters-col-md-2 gutters-col-0 gutters-col-v-lg-2 gutters-col-v-md-2 gutters-col-v-2\">\n          <!---->\n          <div class=\"h-column h-column-container d-flex h-col-lg-auto h-col-md-auto h-col-auto style-673-outer style-local-364-c4-outer\">\n            <div data-colibri-id=\"364-c4\" class=\"d-flex h-flex-basis h-column__inner h-px-lg-2 h-px-md-2 h-px-2 v-inner-lg-2 v-inner-md-2 v-inner-2 style-673 style-local-364-c4 position-relative\">\n              <!---->\n              <!---->\n              <div class=\"w-100 h-y-container h-column__content h-column__v-align flex-basis-100 align-self-lg-start align-self-md-start align-self-start\">\n                <!---->\n                <div data-colibri-id=\"364-c5\" class=\"h-text h-text-component style-671 style-local-364-c5 position-relative h-element\">\n                  <!---->\n                  <!---->\n                  <div class=\"\">\n                    <p>Por lo visto las jubilaciones se hacen igual pero eso no lo he visto yo<\/p>\n                    <p>La impresorita ha muerto, viva la impresorita (que NOOO, que no hay rey nuevo). Ahora se sacan los justificantes.<\/p>\n                  <\/div>\n                <\/div>\n              <\/div>\n            <\/div>\n          <\/div>\n        <\/div>\n      <\/div>\n      <div data-colibri-id=\"364-c6\" class=\"h-row-container gutters-row-lg-2 gutters-row-md-2 gutters-row-0 gutters-row-v-lg-2 gutters-row-v-md-2 gutters-row-v-2 style-635 style-local-364-c6 position-relative\">\n        <!---->\n        <div class=\"h-row justify-content-lg-center justify-content-md-center justify-content-center align-items-lg-stretch align-items-md-stretch align-items-stretch gutters-col-lg-2 gutters-col-md-2 gutters-col-0 gutters-col-v-lg-2 gutters-col-v-md-2 gutters-col-v-2\">\n          <!---->\n          <div class=\"h-column h-column-container d-flex h-col-lg-auto h-col-md-auto h-col-auto style-636-outer style-local-364-c7-outer\">\n            <div data-colibri-id=\"364-c7\" class=\"d-flex h-flex-basis h-column__inner h-px-lg-2 h-px-md-2 h-px-2 v-inner-lg-2 v-inner-md-2 v-inner-2 style-636 style-local-364-c7 position-relative\">\n              <!---->\n              <!---->\n              <div class=\"w-100 h-y-container h-column__content h-column__v-align flex-basis-100 align-self-lg-start align-self-md-start align-self-start\">\n                <!---->\n                <div data-colibri-id=\"364-c8\" class=\"h-text h-text-component style-637 style-local-364-c8 position-relative h-element\">\n                  <!---->\n                  <!---->\n                  <div class=\"\">\n                    <p><span style=\"color: rgb(0, 0, 0); font-family: Arial; font-size: 12pt;\">1.- Nuevo \u25ba interesado \u25baasunto \u25ba Documentaci\u00f3n f\u00edsica: Documentaci\u00f3n adjunta digitalizada (<\/span><strong style=\"color: rgb(0, 0, 0); font-family: Arial; font-size: 12pt;\">el verde<\/strong>\n                      <span\n                        style=\"color: rgb(0, 0, 0); font-family: Arial; font-size: 12pt;\">). En tipo de transporte como ha llegado (correo, en mano\u2026). El contacto no se rena<\/span>\n                    <\/p>\n                  <\/div>\n                <\/div>\n                <div data-colibri-id=\"364-c9\" class=\"d-block style-638 style-local-364-c9 position-relative h-element\">\n                  <!---->\n                  <div class=\"h-image__frame-container-outer\">\n                    <div class=\"h-image__frame-container\">\n                      <!---->\n                      <!---->\n                      <img decoding=\"async\" width=\"605\" height=\"228\" data-src=\"https:\/\/papelorios.es\/wp-content\/uploads\/2022\/06\/entrada01.png\" class=\"wp-image-446 style-638-image style-local-364-c9-image lazyload\" alt=\"\" data-srcset=\"https:\/\/papelorios.es\/wp-content\/uploads\/2022\/06\/entrada01.png 605w, https:\/\/papelorios.es\/wp-content\/uploads\/2022\/06\/entrada01-300x113.png 300w\" data-sizes=\"(max-width: 605px) 100vw, 605px\" src=\"data:image\/svg+xml;base64,PHN2ZyB3aWR0aD0iMSIgaGVpZ2h0PSIxIiB4bWxucz0iaHR0cDovL3d3dy53My5vcmcvMjAwMC9zdmciPjwvc3ZnPg==\" style=\"--smush-placeholder-width: 605px; --smush-placeholder-aspect-ratio: 605\/228;\" \/>\n                      <div class=\"h-image__frame h-hide-lg h-hide-md h-hide-sm style-638-frameImage style-local-364-c9-frameImage\"><\/div>\n                    <\/div>\n                  <\/div>\n                <\/div>\n                <div data-colibri-id=\"364-c10\" class=\"h-text h-text-component style-639 style-local-364-c10 position-relative h-element\">\n                  <!---->\n                  <!---->\n                  <div class=\"\">\n                    <p><span style=\"font-weight: 400; font-size: 16px; font-family: Arial; color: rgb(33, 33, 33);\">2.- A\u00f1adir documento<\/span><\/p>\n                  <\/div>\n                <\/div>\n                <div data-colibri-id=\"364-c11\" class=\"d-block style-640 style-local-364-c11 position-relative h-element\">\n                  <!---->\n                  <div class=\"h-image__frame-container-outer\">\n                    <div class=\"h-image__frame-container\">\n                      <!---->\n                      <!---->\n                      <img decoding=\"async\" width=\"576\" height=\"159\" data-src=\"https:\/\/papelorios.es\/wp-content\/uploads\/2022\/06\/entrada02.png\" class=\"wp-image-445 style-640-image style-local-364-c11-image lazyload\" alt=\"\" data-srcset=\"https:\/\/papelorios.es\/wp-content\/uploads\/2022\/06\/entrada02.png 576w, https:\/\/papelorios.es\/wp-content\/uploads\/2022\/06\/entrada02-300x83.png 300w\" data-sizes=\"(max-width: 576px) 100vw, 576px\" src=\"data:image\/svg+xml;base64,PHN2ZyB3aWR0aD0iMSIgaGVpZ2h0PSIxIiB4bWxucz0iaHR0cDovL3d3dy53My5vcmcvMjAwMC9zdmciPjwvc3ZnPg==\" style=\"--smush-placeholder-width: 576px; --smush-placeholder-aspect-ratio: 576\/159;\" \/>\n                      <div class=\"h-image__frame h-hide-lg h-hide-md h-hide-sm style-640-frameImage style-local-364-c11-frameImage\"><\/div>\n                    <\/div>\n                  <\/div>\n                <\/div>\n                <div data-colibri-id=\"364-c12\" class=\"h-text h-text-component style-641 style-local-364-c12 position-relative h-element\">\n                  <!---->\n                  <!---->\n                  <div class=\"\">\n                    <p><span style=\"color: rgb(33, 33, 33); font-family: Arial; font-size: 12pt;\">3.- Validez del Documento: copia electr\u00f3nica aut\u00e9ntica si es de ciudadano, si es de otra Administraci\u00f3n original, si es una copia que trae el ciudadano copia<\/span><\/p>\n                  <\/div>\n                <\/div>\n              <\/div>\n            <\/div>\n          <\/div>\n        <\/div>\n      <\/div>\n      <div data-colibri-id=\"364-c13\" class=\"h-row-container gutters-row-lg-2 gutters-row-md-2 gutters-row-0 gutters-row-v-lg-2 gutters-row-v-md-2 gutters-row-v-2 style-642 style-local-364-c13 position-relative\">\n        <!---->\n        <div class=\"h-row justify-content-lg-center justify-content-md-center justify-content-center align-items-lg-stretch align-items-md-stretch align-items-stretch gutters-col-lg-2 gutters-col-md-2 gutters-col-0 gutters-col-v-lg-2 gutters-col-v-md-2 gutters-col-v-2\">\n          <!---->\n          <div class=\"h-column h-column-container d-flex h-col-lg-auto h-col-md-auto h-col-auto style-643-outer style-local-364-c14-outer\">\n            <div data-colibri-id=\"364-c14\" class=\"d-flex h-flex-basis h-column__inner h-px-lg-2 h-px-md-2 h-px-2 v-inner-lg-2 v-inner-md-2 v-inner-2 style-643 style-local-364-c14 position-relative\">\n              <!---->\n              <!---->\n              <div class=\"w-100 h-y-container h-column__content h-column__v-align flex-basis-100 align-self-lg-start align-self-md-start align-self-start\">\n                <!---->\n                <div data-colibri-id=\"364-c15\" class=\"d-block style-644 style-local-364-c15 position-relative h-element\">\n                  <!---->\n                  <div class=\"h-image__frame-container-outer\">\n                    <div class=\"h-image__frame-container\">\n                      <!---->\n                      <!---->\n                      <img decoding=\"async\" width=\"604\" height=\"329\" data-src=\"https:\/\/papelorios.es\/wp-content\/uploads\/2022\/06\/entrada03.png\" class=\"wp-image-444 style-644-image style-local-364-c15-image lazyload\" alt=\"\" data-srcset=\"https:\/\/papelorios.es\/wp-content\/uploads\/2022\/06\/entrada03.png 604w, https:\/\/papelorios.es\/wp-content\/uploads\/2022\/06\/entrada03-300x163.png 300w\" data-sizes=\"(max-width: 604px) 100vw, 604px\" src=\"data:image\/svg+xml;base64,PHN2ZyB3aWR0aD0iMSIgaGVpZ2h0PSIxIiB4bWxucz0iaHR0cDovL3d3dy53My5vcmcvMjAwMC9zdmciPjwvc3ZnPg==\" style=\"--smush-placeholder-width: 604px; --smush-placeholder-aspect-ratio: 604\/329;\" \/>\n                      <div class=\"h-image__frame h-hide-lg h-hide-md h-hide-sm style-644-frameImage style-local-364-c15-frameImage\"><\/div>\n                    <\/div>\n                  <\/div>\n                <\/div>\n              <\/div>\n            <\/div>\n          <\/div>\n        <\/div>\n      <\/div>\n      <div data-colibri-id=\"364-c16\" class=\"h-row-container gutters-row-lg-2 gutters-row-md-2 gutters-row-0 gutters-row-v-lg-2 gutters-row-v-md-2 gutters-row-v-2 style-645 style-local-364-c16 position-relative\">\n        <!---->\n        <div class=\"h-row justify-content-lg-center justify-content-md-center justify-content-center align-items-lg-stretch align-items-md-stretch align-items-stretch gutters-col-lg-2 gutters-col-md-2 gutters-col-0 gutters-col-v-lg-2 gutters-col-v-md-2 gutters-col-v-2\">\n          <!---->\n          <div class=\"h-column h-column-container d-flex h-col-lg-auto h-col-md-auto h-col-auto style-646-outer style-local-364-c17-outer\">\n            <div data-colibri-id=\"364-c17\" class=\"d-flex h-flex-basis h-column__inner h-px-lg-2 h-px-md-2 h-px-2 v-inner-lg-2 v-inner-md-2 v-inner-2 style-646 style-local-364-c17 position-relative\">\n              <!---->\n              <!---->\n              <div class=\"w-100 h-y-container h-column__content h-column__v-align flex-basis-100 align-self-lg-start align-self-md-start align-self-start\">\n                <!---->\n                <div data-colibri-id=\"364-c18\" class=\"h-text h-text-component style-647 style-local-364-c18 position-relative h-element\">\n                  <!---->\n                  <!---->\n                  <div class=\"\">\n                    <p><span style=\"color: rgb(33, 33, 33); font-family: Arial; font-size: 12pt;\">4.- Origen: ciudadano &gt; Tipo de Documento: Otros &gt; Si es la solicitud el tipo es solicitud o origen:Administraci\u00f3n dependiendo de quien sea el origen<\/span><\/p>\n                  <\/div>\n                <\/div>\n              <\/div>\n            <\/div>\n          <\/div>\n        <\/div>\n      <\/div>\n      <div data-colibri-id=\"364-c19\" class=\"h-row-container gutters-row-lg-2 gutters-row-md-2 gutters-row-0 gutters-row-v-lg-2 gutters-row-v-md-2 gutters-row-v-2 style-652 style-local-364-c19 position-relative\">\n        <!---->\n        <div class=\"h-row justify-content-lg-center justify-content-md-center justify-content-center align-items-lg-stretch align-items-md-stretch align-items-stretch gutters-col-lg-2 gutters-col-md-2 gutters-col-0 gutters-col-v-lg-2 gutters-col-v-md-2 gutters-col-v-2\">\n          <!---->\n          <div class=\"h-column h-column-container d-flex h-col-lg-auto h-col-md-auto h-col-auto style-653-outer style-local-364-c20-outer\">\n            <div data-colibri-id=\"364-c20\" class=\"d-flex h-flex-basis h-column__inner h-px-lg-2 h-px-md-2 h-px-2 v-inner-lg-2 v-inner-md-2 v-inner-2 style-653 style-local-364-c20 position-relative\">\n              <!---->\n              <!---->\n              <div class=\"w-100 h-y-container h-column__content h-column__v-align flex-basis-100 align-self-lg-start align-self-md-start align-self-start\">\n                <!---->\n                <div data-colibri-id=\"364-c21\" class=\"d-block style-654 style-local-364-c21 position-relative h-element\">\n                  <!---->\n                  <div class=\"h-image__frame-container-outer\">\n                    <div class=\"h-image__frame-container\">\n                      <!---->\n                      <!---->\n                      <img decoding=\"async\" width=\"608\" height=\"362\" data-src=\"https:\/\/papelorios.es\/wp-content\/uploads\/2022\/06\/entrada04.png\" class=\"wp-image-443 style-654-image style-local-364-c21-image lazyload\" alt=\"\" data-srcset=\"https:\/\/papelorios.es\/wp-content\/uploads\/2022\/06\/entrada04.png 608w, https:\/\/papelorios.es\/wp-content\/uploads\/2022\/06\/entrada04-300x179.png 300w\" data-sizes=\"(max-width: 608px) 100vw, 608px\" src=\"data:image\/svg+xml;base64,PHN2ZyB3aWR0aD0iMSIgaGVpZ2h0PSIxIiB4bWxucz0iaHR0cDovL3d3dy53My5vcmcvMjAwMC9zdmciPjwvc3ZnPg==\" style=\"--smush-placeholder-width: 608px; --smush-placeholder-aspect-ratio: 608\/362;\" \/>\n                      <div class=\"h-image__frame h-hide-lg h-hide-md h-hide-sm style-654-frameImage style-local-364-c21-frameImage\"><\/div>\n                    <\/div>\n                  <\/div>\n                <\/div>\n                <div data-colibri-id=\"364-c22\" class=\"h-text h-text-component style-655 style-local-364-c22 position-relative h-element\">\n                  <!---->\n                  <!---->\n                  <div class=\"\">\n                    <p><span style=\"font-family: Arial; font-size: 12pt;\">5.- Escanear el documento<\/span><\/p>\n                    <p><span style=\"font-family: Arial; font-size: 12pt;\">6.- Subir anexo desde donde est\u00e9<\/span><\/p>\n                    <p><span style=\"font-family: Arial; font-size: 12pt;\">8.- Registrar y enviar &gt; Enviar<\/span><\/p>\n                    <p><span style=\"font-family: Arial; font-size: 12pt;\">9.- Sacar etiqueta (una sola). NAADA de etiquetas, se descarga el archivo con CSV para colocar o se saca el justificante si es para alg\u00fan mutualista<\/span><\/p>\n                    <p><span style=\"font-family: Arial; font-size: 12pt;\">10.- En la bandeja de entrada ver detalle (el ojico) &gt; descargar todos con CSV &gt; archivo &gt; Guardar como<\/span><\/p>\n                    <p>\n                      <br>\n                    <\/p>\n                  <\/div>\n                <\/div>\n                <div data-colibri-id=\"364-c23\" class=\"d-block style-662 style-local-364-c23 position-relative h-element\">\n                  <!---->\n                  <div class=\"h-image__frame-container-outer\">\n                    <div class=\"h-image__frame-container\">\n                      <!---->\n                      <!---->\n                      <img decoding=\"async\" width=\"564\" height=\"221\" data-src=\"https:\/\/papelorios.es\/wp-content\/uploads\/2022\/06\/entrada05.jpg\" class=\"wp-image-442 style-662-image style-local-364-c23-image lazyload\" alt=\"\" data-srcset=\"https:\/\/papelorios.es\/wp-content\/uploads\/2022\/06\/entrada05.jpg 564w, https:\/\/papelorios.es\/wp-content\/uploads\/2022\/06\/entrada05-300x118.jpg 300w\" data-sizes=\"(max-width: 564px) 100vw, 564px\" src=\"data:image\/svg+xml;base64,PHN2ZyB3aWR0aD0iMSIgaGVpZ2h0PSIxIiB4bWxucz0iaHR0cDovL3d3dy53My5vcmcvMjAwMC9zdmciPjwvc3ZnPg==\" style=\"--smush-placeholder-width: 564px; --smush-placeholder-aspect-ratio: 564\/221;\" \/>\n                      <div class=\"h-image__frame h-hide-lg h-hide-md h-hide-sm style-662-frameImage style-local-364-c23-frameImage\"><\/div>\n                    <\/div>\n                  <\/div>\n                <\/div>\n              <\/div>\n            <\/div>\n          <\/div>\n        <\/div>\n      <\/div>\n      <div data-colibri-id=\"364-c24\" class=\"h-row-container gutters-row-lg-2 gutters-row-md-2 gutters-row-0 gutters-row-v-lg-2 gutters-row-v-md-2 gutters-row-v-2 style-664 style-local-364-c24 position-relative\">\n        <!---->\n        <div class=\"h-row justify-content-lg-center justify-content-md-center justify-content-center align-items-lg-stretch align-items-md-stretch align-items-stretch gutters-col-lg-2 gutters-col-md-2 gutters-col-0 gutters-col-v-lg-2 gutters-col-v-md-2 gutters-col-v-2\">\n          <!---->\n          <div class=\"h-column h-column-container d-flex h-col-lg-auto h-col-md-auto h-col-auto style-665-outer style-local-364-c25-outer\">\n            <div data-colibri-id=\"364-c25\" class=\"d-flex h-flex-basis h-column__inner h-px-lg-2 h-px-md-2 h-px-2 v-inner-lg-2 v-inner-md-2 v-inner-2 style-665 style-local-364-c25 position-relative\">\n              <!---->\n              <!---->\n              <div class=\"w-100 h-y-container h-column__content h-column__v-align flex-basis-100 align-self-lg-start align-self-md-start align-self-start\">\n                <!---->\n                <div data-colibri-id=\"364-c26\" class=\"h-text h-text-component style-666 style-local-364-c26 position-relative h-element\">\n                  <!---->\n                  <!---->\n                  <div class=\"\">\n                    <p><span style=\"font-size: 12pt; font-family: Arial;\">11.- Se guardan en T &gt; Solicitudes IT &gt; carpeta con su n\u00famero de expediente (Las ITeses)<\/span><\/p>\n                    <p><span style=\"font-size: 12pt; font-family: Arial;\">12.- El justificante no se imprime y no se guarda<\/span><\/p>\n                  <\/div>\n                <\/div>\n                <div data-colibri-id=\"364-c27\" class=\"h-global-transition-all h-heading style-667 style-local-364-c27 position-relative h-element\">\n                  <!---->\n                  <div class=\"h-heading__outer style-667 style-local-364-c27\">\n                    <!---->\n                    <!---->\n                    <h1 class=\"\">ITeses que entren por Geiser<\/h1>\n                  <\/div>\n                <\/div>\n                <div data-colibri-id=\"364-c28\" class=\"h-text h-text-component style-668 style-local-364-c28 position-relative h-element\">\n                  <!---->\n                  <!---->\n                  <div class=\"\">\n                    <p><span style=\"font-family: Arial; font-size: 12pt;\">1.- Bandeja de entrada<\/span><\/p>\n                    <p><span style=\"font-family: Arial; font-size: 12pt;\">2.- Ver detalle (el ojico)<\/span><\/p>\n                    <p><span style=\"font-family: Arial; font-size: 12pt;\">3.- Descargar todos con CSV<\/span><\/p>\n                    <p><span style=\"font-family: Arial; font-size: 12pt;\">4.- Imprimir solicitudes y 145, el justificante no<\/span><\/p>\n                    <p><span style=\"font-family: Arial; font-size: 12pt;\">5.- Confirmar &gt; confirmar y enviar &gt; enviar<\/span><\/p>\n                    <p><span style=\"font-family: Arial; font-size: 12pt;\">6.- Sacar etiqueta<\/span><\/p>\n                    <p><span style=\"font-family: Arial; font-size: 12pt;\">7.- Detalle &gt; descargar CSV<\/span><\/p>\n                    <p><span style=\"font-family: Arial; font-size: 12pt;\">8.- Solicitud &gt; Guardar como T &gt; Solicitudes IT &gt; Carpeta Geiser<\/span><\/p>\n                  <\/div>\n                <\/div>\n                <div data-colibri-id=\"364-c29\" class=\"h-global-transition-all h-heading style-669 style-local-364-c29 position-relative h-element\">\n                  <!---->\n                  <div class=\"h-heading__outer style-669 style-local-364-c29\">\n                    <!---->\n                    <!---->\n                    <h1 class=\"\">Bandeja de entrada<\/h1>\n                  <\/div>\n                <\/div>\n                <div data-colibri-id=\"364-c30\" class=\"h-text h-text-component style-670 style-local-364-c30 position-relative h-element\">\n                  <!---->\n                  <!---->\n                  <div class=\"\">\n                    <p><span style=\"font-family: Arial; font-size: 12pt;\">1.- Detalle<\/span><\/p>\n                    <p><span style=\"font-family: Arial; font-size: 12pt;\">2.- Descargar todos <\/span><span style=\"font-family: Arial; font-size: 12pt; color: rgb(237, 14, 14);\">SIN CSV.<\/span><span style=\"font-family: Arial; font-size: 12pt;\">&nbsp; ( Solo lo de las ITs se descarga con CSV). Abrir<\/span><\/p>\n                    <p><span style=\"font-family: Arial; font-size: 12pt;\">3.- Imprimir PDFs. Se imprimen todas a dos caras menos las ITeses y las solicitudes de dispensaci\u00f3n hospitalaria (para que vayan por separado las facturas y lo dem\u00e1s).<\/span><\/p>\n                    <p><span style=\"font-family: Arial; font-size: 12pt;\">4.- Confirmar &gt; confirmar y enviar &gt; enviar<\/span><\/p>\n                    <p><span style=\"font-family: Arial; font-size: 12pt;\">6.- De Bandeja a Registro de entrada<\/span><\/p>\n                    <p><span style=\"font-family: Arial; font-size: 12pt;\">7.- Impresorita y pegar etiquetas<\/span><\/p>\n                    <p>\n                      <br>\n                    <\/p>\n                  <\/div>\n                <\/div>\n              <\/div>\n            <\/div>\n          <\/div>\n        <\/div>\n      <\/div>\n    <\/div>\n  <\/div>\n<\/div>","protected":false},"excerpt":{"rendered":"<p>Por lo visto las jubilaciones se hacen igual pero eso no lo he visto yo La impresorita ha muerto, viva la impresorita (que NOOO, que no hay rey nuevo). Ahora se sacan los justificantes. 1.- Nuevo \u25ba interesado \u25baasunto \u25ba Documentaci\u00f3n f\u00edsica: Documentaci\u00f3n adjunta digitalizada (el verde ). En tipo de transporte como ha llegado [&hellip;]<\/p>\n","protected":false},"author":1,"featured_media":0,"parent":45,"menu_order":0,"comment_status":"closed","ping_status":"closed","template":"page-templates\/full-width-page.php","meta":{"footnotes":""},"class_list":["post-364","page","type-page","status-publish","hentry"],"_links":{"self":[{"href":"https:\/\/papelorios.es\/index.php\/wp-json\/wp\/v2\/pages\/364","targetHints":{"allow":["GET"]}}],"collection":[{"href":"https:\/\/papelorios.es\/index.php\/wp-json\/wp\/v2\/pages"}],"about":[{"href":"https:\/\/papelorios.es\/index.php\/wp-json\/wp\/v2\/types\/page"}],"author":[{"embeddable":true,"href":"https:\/\/papelorios.es\/index.php\/wp-json\/wp\/v2\/users\/1"}],"replies":[{"embeddable":true,"href":"https:\/\/papelorios.es\/index.php\/wp-json\/wp\/v2\/comments?post=364"}],"version-history":[{"count":6,"href":"https:\/\/papelorios.es\/index.php\/wp-json\/wp\/v2\/pages\/364\/revisions"}],"predecessor-version":[{"id":4620,"href":"https:\/\/papelorios.es\/index.php\/wp-json\/wp\/v2\/pages\/364\/revisions\/4620"}],"up":[{"embeddable":true,"href":"https:\/\/papelorios.es\/index.php\/wp-json\/wp\/v2\/pages\/45"}],"wp:attachment":[{"href":"https:\/\/papelorios.es\/index.php\/wp-json\/wp\/v2\/media?parent=364"}],"curies":[{"name":"wp","href":"https:\/\/api.w.org\/{rel}","templated":true}]}}