{"id":362,"date":"2022-06-12T10:45:20","date_gmt":"2022-06-12T10:45:20","guid":{"rendered":"https:\/\/papelorios.es\/?page_id=362"},"modified":"2024-07-26T08:53:17","modified_gmt":"2024-07-26T06:53:17","slug":"mercurio","status":"publish","type":"page","link":"https:\/\/papelorios.es\/index.php\/antonias\/correo\/mercurio\/","title":{"rendered":"Mercurio"},"content":{"rendered":"<div data-colibri-id=\"362-c1\" class=\"style-601 style-local-362-c1 position-relative\">\n  <!---->\n  <div data-colibri-component=\"section\" data-colibri-id=\"362-c2\" id=\"about\" class=\"h-section h-section-global-spacing d-flex align-items-lg-center align-items-md-center align-items-center style-602 style-local-362-c2 position-relative\">\n    <!---->\n    <!---->\n    <div class=\"h-section-grid-container h-section-boxed-container\">\n      <!---->\n      <div data-colibri-id=\"362-c3\" class=\"h-row-container gutters-row-lg-2 gutters-row-md-2 gutters-row-2 gutters-row-v-lg-2 gutters-row-v-md-2 gutters-row-v-2 style-603 style-local-362-c3 position-relative\">\n        <!---->\n        <div class=\"h-row justify-content-lg-center justify-content-md-center justify-content-center align-items-lg-stretch align-items-md-stretch align-items-stretch gutters-col-lg-2 gutters-col-md-2 gutters-col-2 gutters-col-v-lg-2 gutters-col-v-md-2 gutters-col-v-2\">\n          <!---->\n          <div class=\"h-column h-column-container d-flex h-col-lg-auto h-col-md-auto h-col-auto style-604-outer style-local-362-c4-outer\">\n            <div data-colibri-id=\"362-c4\" class=\"d-flex h-flex-basis h-column__inner h-px-lg-2 h-px-md-2 h-px-2 v-inner-lg-2 v-inner-md-2 v-inner-2 style-604 style-local-362-c4 position-relative\">\n              <!---->\n              <!---->\n              <div class=\"w-100 h-y-container h-column__content h-column__v-align flex-basis-100 align-self-lg-center align-self-md-center align-self-center\">\n                <!---->\n                <div data-colibri-id=\"362-c5\" class=\"h-global-transition-all h-heading style-605 style-local-362-c5 position-relative h-element\">\n                  <!---->\n                  <div class=\"h-heading__outer style-605 style-local-362-c5\">\n                    <!---->\n                    <!---->\n                    <h5 class=\"\">Mi oficina de Correos<\/h5>\n                  <\/div>\n                <\/div>\n                <div data-colibri-id=\"362-c6\" class=\"h-global-transition-all h-heading style-606 style-local-362-c6 position-relative h-element\">\n                  <!---->\n                  <div class=\"h-heading__outer style-606 style-local-362-c6\">\n                    <!---->\n                    <!---->\n                    <h2 class=\"\">El&nbsp;<em style=\"color: rgb(3, 169, 244); font-family: &quot;Playfair Display&quot;;\">programa<\/em> de&nbsp;<em style=\"color: rgb(3, 169, 244); font-family: &quot;Playfair Display&quot;;\">albaranes<\/em> de Correos<\/h2>\n                  <\/div>\n                <\/div>\n                <div data-colibri-id=\"362-c7\" class=\"h-text h-text-component style-2751 style-local-362-c7 position-relative h-element\">\n                  <!---->\n                  <!---->\n                  <div class=\"\">\n                    <p>Ahora es mucho menos hero\u00edco. :(. Ten\u00edamos un dios con los pies alados , mensajero del resto de los dioses, con un s\u00edmbolo consistente en serpientes enfrentadas ense\u00f1ando los colmillos envolviendo una espada alada y pasamos a una linda\n                      oficinita en Correos. \u00a1Pues menuda caca!<\/p>\n                  <\/div>\n                <\/div>\n              <\/div>\n            <\/div>\n          <\/div>\n          <div class=\"h-column h-column-container d-flex h-col-lg-auto h-col-md-auto h-col-auto style-610-outer style-local-362-c8-outer\">\n            <div data-colibri-id=\"362-c8\" class=\"d-flex h-flex-basis h-column__inner h-px-lg-2 h-px-md-2 h-px-2 v-inner-lg-2 v-inner-md-2 v-inner-2 style-610 style-local-362-c8 position-relative\">\n              <!---->\n              <!---->\n              <div class=\"w-100 h-y-container h-column__content h-column__v-align flex-basis-100 align-self-lg-center align-self-md-center align-self-center\">\n                <!---->\n                <div data-colibri-id=\"362-c9\" class=\"d-block style-611 style-local-362-c9 position-relative h-element\">\n                  <!---->\n                  <div class=\"h-image__frame-container-outer\">\n                    <div class=\"h-image__frame-container\">\n                      <!---->\n                      <!---->\n                      <img decoding=\"async\" width=\"788\" height=\"1024\" data-src=\"https:\/\/papelorios.es\/wp-content\/uploads\/2022\/06\/mercuriosimbolo.jpg\" class=\"wp-image-420 style-611-image style-local-362-c9-image lazyload\" alt=\"\" data-srcset=\"https:\/\/papelorios.es\/wp-content\/uploads\/2022\/06\/mercuriosimbolo.jpg 788w, https:\/\/papelorios.es\/wp-content\/uploads\/2022\/06\/mercuriosimbolo-231x300.jpg 231w, https:\/\/papelorios.es\/wp-content\/uploads\/2022\/06\/mercuriosimbolo-768x998.jpg 768w\" data-sizes=\"(max-width: 788px) 100vw, 788px\" src=\"data:image\/svg+xml;base64,PHN2ZyB3aWR0aD0iMSIgaGVpZ2h0PSIxIiB4bWxucz0iaHR0cDovL3d3dy53My5vcmcvMjAwMC9zdmciPjwvc3ZnPg==\" style=\"--smush-placeholder-width: 788px; --smush-placeholder-aspect-ratio: 788\/1024;\" \/>\n                      <div class=\"h-image__frame h-hide-sm style-611-frameImage style-local-362-c9-frameImage\"><\/div>\n                    <\/div>\n                  <\/div>\n                <\/div>\n              <\/div>\n            <\/div>\n          <\/div>\n        <\/div>\n      <\/div>\n      <div data-colibri-id=\"362-c10\" class=\"h-row-container gutters-row-lg-2 gutters-row-md-2 gutters-row-0 gutters-row-v-lg-2 gutters-row-v-md-2 gutters-row-v-2 style-2748 style-local-362-c10 position-relative\">\n        <!---->\n        <div class=\"h-row justify-content-lg-center justify-content-md-center justify-content-center align-items-lg-stretch align-items-md-stretch align-items-stretch gutters-col-lg-2 gutters-col-md-2 gutters-col-0 gutters-col-v-lg-2 gutters-col-v-md-2 gutters-col-v-2\">\n          <!---->\n          <div class=\"h-column h-column-container d-flex h-col-lg-auto h-col-md-auto h-col-auto style-2749-outer style-local-362-c11-outer\">\n            <div data-colibri-id=\"362-c11\" class=\"d-flex h-flex-basis h-column__inner h-px-lg-2 h-px-md-2 h-px-2 v-inner-lg-2 v-inner-md-2 v-inner-2 style-2749 style-local-362-c11 position-relative\">\n              <!---->\n              <!---->\n              <div class=\"w-100 h-y-container h-column__content h-column__v-align flex-basis-100 align-self-lg-start align-self-md-start align-self-start\">\n                <!---->\n                <div data-colibri-id=\"362-c12\" class=\"h-text h-text-component style-2750 style-local-362-c12 position-relative h-element\">\n                  <!---->\n                  <!---->\n                  <div class=\"\">\n                    <p>Hay que entrar con certificado digital en la\n                      <a href=\"https:\/\/app.serviciosinternos.hacienda.gob.es\/Mercurio\/V2\/Paginas\/Inicio\/MercurioInicio.aspx\/#paginaInicio\" target=\"_blank\" class=\"customize-unpreviewable\" draggable=\"false\" rel=\"noopener\"> p\u00e1gina de mercurio de la AGE<\/a>\n                    <\/p>\n                  <\/div>\n                <\/div>\n              <\/div>\n            <\/div>\n          <\/div>\n        <\/div>\n      <\/div>\n      <div data-colibri-id=\"362-c13\" class=\"h-row-container gutters-row-lg-2 gutters-row-md-2 gutters-row-0 gutters-row-v-lg-2 gutters-row-v-md-2 gutters-row-v-2 style-2953 style-local-362-c13 position-relative\">\n        <!---->\n        <div class=\"h-row justify-content-lg-center justify-content-md-center justify-content-center align-items-lg-stretch align-items-md-stretch align-items-stretch gutters-col-lg-2 gutters-col-md-2 gutters-col-0 gutters-col-v-lg-2 gutters-col-v-md-2 gutters-col-v-2\">\n          <!---->\n          <div class=\"h-column h-column-container d-flex h-col-lg-auto h-col-md-auto h-col-auto style-2954-outer style-local-362-c14-outer\">\n            <div data-colibri-id=\"362-c14\" class=\"d-flex h-flex-basis h-column__inner h-px-lg-2 h-px-md-2 h-px-2 v-inner-lg-2 v-inner-md-2 v-inner-2 style-2954 style-local-362-c14 position-relative\">\n              <!---->\n              <!---->\n              <div class=\"w-100 h-y-container h-column__content h-column__v-align flex-basis-100 align-self-lg-start align-self-md-start align-self-start\">\n                <!---->\n                <div data-colibri-id=\"362-c15\" class=\"d-block style-2956 style-local-362-c15 position-relative h-element\">\n                  <!---->\n                  <div class=\"h-image__frame-container-outer\">\n                    <div class=\"h-image__frame-container\">\n                      <!---->\n                      <!---->\n                      <img decoding=\"async\" width=\"622\" height=\"297\" data-src=\"https:\/\/papelorios.es\/wp-content\/uploads\/2024\/07\/01.png\" class=\"wp-image-4531 style-2956-image style-local-362-c15-image lazyload\" alt=\"\" data-srcset=\"https:\/\/papelorios.es\/wp-content\/uploads\/2024\/07\/01.png 622w, https:\/\/papelorios.es\/wp-content\/uploads\/2024\/07\/01-300x143.png 300w\" data-sizes=\"(max-width: 622px) 100vw, 622px\" src=\"data:image\/svg+xml;base64,PHN2ZyB3aWR0aD0iMSIgaGVpZ2h0PSIxIiB4bWxucz0iaHR0cDovL3d3dy53My5vcmcvMjAwMC9zdmciPjwvc3ZnPg==\" style=\"--smush-placeholder-width: 622px; --smush-placeholder-aspect-ratio: 622\/297;\" \/>\n                      <div class=\"h-image__frame h-hide-lg h-hide-md h-hide-sm style-2956-frameImage style-local-362-c15-frameImage\"><\/div>\n                    <\/div>\n                  <\/div>\n                <\/div>\n              <\/div>\n            <\/div>\n          <\/div>\n          <div class=\"h-column h-column-container d-flex h-col-lg-auto h-col-md-auto h-col-auto style-2955-outer style-local-362-c16-outer\">\n            <div data-colibri-id=\"362-c16\" class=\"d-flex h-flex-basis h-column__inner h-px-lg-2 h-px-md-2 h-px-2 v-inner-lg-2 v-inner-md-2 v-inner-2 style-2955 style-local-362-c16 position-relative\">\n              <!---->\n              <!---->\n              <div class=\"w-100 h-y-container h-column__content h-column__v-align flex-basis-100 align-self-lg-start align-self-md-start align-self-start\">\n                <!---->\n                <div data-colibri-id=\"362-c17\" class=\"h-text h-text-component style-2957 style-local-362-c17 position-relative h-element\">\n                  <!---->\n                  <!---->\n                  <div class=\"\">\n                    <p>En la exmesa de Antonia hay dos carpetas, una roja con los albaranes de certificados y otra azul con los ordinarios, se recogen todos.<\/p>\n                    <p>Albaranes, albaranes, eso es f\u00e1cil. Sale un listado de los envios que hay pendientes de gestionar.<\/p>\n                    <p>Son archivos que se llaman AO algo y AE algo. Los AO son certificados y no hay forma de comprobarlos. Los AE son los ordinarios y tenemos los albaranes en la mano.&nbsp;<\/p>\n                    <p>Los AE se escanean.&nbsp;<\/p>\n                  <\/div>\n                <\/div>\n              <\/div>\n            <\/div>\n          <\/div>\n        <\/div>\n      <\/div>\n      <div data-colibri-id=\"362-c18\" class=\"h-row-container gutters-row-lg-2 gutters-row-md-2 gutters-row-0 gutters-row-v-lg-2 gutters-row-v-md-2 gutters-row-v-2 style-2953 style-local-362-c18 position-relative\">\n        <!---->\n        <div class=\"h-row justify-content-lg-center justify-content-md-center justify-content-center align-items-lg-stretch align-items-md-stretch align-items-stretch gutters-col-lg-2 gutters-col-md-2 gutters-col-0 gutters-col-v-lg-2 gutters-col-v-md-2 gutters-col-v-2\">\n          <!---->\n          <div class=\"h-column h-column-container d-flex h-col-lg-auto h-col-md-auto h-col-auto style-2954-outer style-local-362-c19-outer\">\n            <div data-colibri-id=\"362-c19\" class=\"d-flex h-flex-basis h-column__inner h-px-lg-2 h-px-md-2 h-px-2 v-inner-lg-2 v-inner-md-2 v-inner-2 style-2954 style-local-362-c19 position-relative\">\n              <!---->\n              <!---->\n              <div class=\"w-100 h-y-container h-column__content h-column__v-align flex-basis-100 align-self-lg-start align-self-md-start align-self-start\">\n                <!---->\n                <div data-colibri-id=\"362-c20\" class=\"h-text h-text-component style-2957 style-local-362-c20 position-relative h-element\">\n                  <!---->\n                  <!---->\n                  <div class=\"\">\n                    <p>De abajo a arriba para ir cronol\u00f3gicamente, al otro extremo. Tramitar, y si son AO aprobar, aprobar y confirmar y cerrar y si son AE tramitar &gt; aprobacion &gt;adjuntar albaran (se sube su escaneo) &gt; Aprobar.<\/p>\n                    <p>Si no coincide no se aprueba (los AE, que los otros ni idea)<\/p>\n                    <p>Se grapan todos juntos y se llevan a una carpeta verde x meses albaranes<\/p>\n                    <p>\n                      <br>\n                    <\/p>\n                  <\/div>\n                <\/div>\n              <\/div>\n            <\/div>\n          <\/div>\n          <div class=\"h-column h-column-container d-flex h-col-lg-auto h-col-md-auto h-col-auto style-2955-outer style-local-362-c21-outer\">\n            <div data-colibri-id=\"362-c21\" class=\"d-flex h-flex-basis h-column__inner h-px-lg-2 h-px-md-2 h-px-2 v-inner-lg-2 v-inner-md-2 v-inner-2 style-2955 style-local-362-c21 position-relative\">\n              <!---->\n              <!---->\n              <div class=\"w-100 h-y-container h-column__content h-column__v-align flex-basis-100 align-self-lg-start align-self-md-start align-self-start\">\n                <!---->\n                <div data-colibri-id=\"362-c22\" class=\"d-block style-2958 style-local-362-c22 position-relative h-element\">\n                  <!---->\n                  <div class=\"h-image__frame-container-outer\">\n                    <div class=\"h-image__frame-container\">\n                      <!---->\n                      <!---->\n                      <img decoding=\"async\" width=\"768\" height=\"520\" data-src=\"https:\/\/papelorios.es\/wp-content\/uploads\/2024\/07\/02.png\" class=\"wp-image-4532 style-2958-image style-local-362-c22-image lazyload\" alt=\"\" data-srcset=\"https:\/\/papelorios.es\/wp-content\/uploads\/2024\/07\/02.png 768w, https:\/\/papelorios.es\/wp-content\/uploads\/2024\/07\/02-300x203.png 300w\" data-sizes=\"(max-width: 768px) 100vw, 768px\" src=\"data:image\/svg+xml;base64,PHN2ZyB3aWR0aD0iMSIgaGVpZ2h0PSIxIiB4bWxucz0iaHR0cDovL3d3dy53My5vcmcvMjAwMC9zdmciPjwvc3ZnPg==\" style=\"--smush-placeholder-width: 768px; --smush-placeholder-aspect-ratio: 768\/520;\" \/>\n                      <div class=\"h-image__frame h-hide-lg h-hide-md h-hide-sm style-2958-frameImage style-local-362-c22-frameImage\"><\/div>\n                    <\/div>\n                  <\/div>\n                <\/div>\n              <\/div>\n            <\/div>\n          <\/div>\n        <\/div>\n      <\/div>\n    <\/div>\n  <\/div>\n<\/div>","protected":false},"excerpt":{"rendered":"<p>Mi oficina de Correos El&nbsp;programa de&nbsp;albaranes de Correos Ahora es mucho menos hero\u00edco. :(. Ten\u00edamos un dios con los pies alados , mensajero del resto de los dioses, con un s\u00edmbolo consistente en serpientes enfrentadas ense\u00f1ando los colmillos envolviendo una espada alada y pasamos a una linda oficinita en Correos. \u00a1Pues menuda caca! Hay que [&hellip;]<\/p>\n","protected":false},"author":1,"featured_media":0,"parent":47,"menu_order":0,"comment_status":"closed","ping_status":"closed","template":"page-templates\/full-width-page.php","meta":{"footnotes":""},"class_list":["post-362","page","type-page","status-publish","hentry"],"_links":{"self":[{"href":"https:\/\/papelorios.es\/index.php\/wp-json\/wp\/v2\/pages\/362","targetHints":{"allow":["GET"]}}],"collection":[{"href":"https:\/\/papelorios.es\/index.php\/wp-json\/wp\/v2\/pages"}],"about":[{"href":"https:\/\/papelorios.es\/index.php\/wp-json\/wp\/v2\/types\/page"}],"author":[{"embeddable":true,"href":"https:\/\/papelorios.es\/index.php\/wp-json\/wp\/v2\/users\/1"}],"replies":[{"embeddable":true,"href":"https:\/\/papelorios.es\/index.php\/wp-json\/wp\/v2\/comments?post=362"}],"version-history":[{"count":4,"href":"https:\/\/papelorios.es\/index.php\/wp-json\/wp\/v2\/pages\/362\/revisions"}],"predecessor-version":[{"id":4535,"href":"https:\/\/papelorios.es\/index.php\/wp-json\/wp\/v2\/pages\/362\/revisions\/4535"}],"up":[{"embeddable":true,"href":"https:\/\/papelorios.es\/index.php\/wp-json\/wp\/v2\/pages\/47"}],"wp:attachment":[{"href":"https:\/\/papelorios.es\/index.php\/wp-json\/wp\/v2\/media?parent=362"}],"curies":[{"name":"wp","href":"https:\/\/api.w.org\/{rel}","templated":true}]}}